{"id":145,"date":"2024-09-24T11:05:46","date_gmt":"2024-09-24T11:05:46","guid":{"rendered":"https:\/\/concellosinclusivos.com\/?page_id=145"},"modified":"2024-10-09T08:32:13","modified_gmt":"2024-10-09T08:32:13","slug":"voluntarios","status":"publish","type":"page","link":"https:\/\/concellosinclusivos.com\/index.php\/voluntarios\/","title":{"rendered":"Voluntarios"},"content":{"rendered":"\t\t<div data-elementor-type=\"wp-page\" data-elementor-id=\"145\" class=\"elementor elementor-145\" data-elementor-post-type=\"page\">\n\t\t\t\t<div class=\"elementor-element elementor-element-bc67196 e-con-full e-flex e-con e-parent\" data-id=\"bc67196\" data-element_type=\"container\" data-e-type=\"container\" data-settings=\"{&quot;background_background&quot;:&quot;classic&quot;}\">\n\t\t\t\t<div class=\"elementor-element elementor-element-0871244 elementor-widget__width-inherit elementor-widget elementor-widget-heading\" data-id=\"0871244\" data-element_type=\"widget\" data-e-type=\"widget\" data-widget_type=\"heading.default\">\n\t\t\t\t<div class=\"elementor-widget-container\">\n\t\t\t\t\t<h2 class=\"elementor-heading-title elementor-size-default\">voluntarios<\/h2>\t\t\t\t<\/div>\n\t\t\t\t<\/div>\n\t\t\t\t<\/div>\n\t\t<div class=\"elementor-element elementor-element-d8821bf e-con-full e-flex e-con e-parent\" data-id=\"d8821bf\" data-element_type=\"container\" data-e-type=\"container\" data-settings=\"{&quot;background_background&quot;:&quot;classic&quot;}\">\n\t\t<div class=\"elementor-element elementor-element-5786270 e-con-full e-flex e-con e-child\" data-id=\"5786270\" data-element_type=\"container\" data-e-type=\"container\" data-settings=\"{&quot;background_background&quot;:&quot;classic&quot;}\">\n\t\t<div class=\"elementor-element elementor-element-7cd628e e-con-full e-flex e-con e-child\" data-id=\"7cd628e\" data-element_type=\"container\" data-e-type=\"container\">\n\t\t\t\t<div class=\"elementor-element elementor-element-38f8822 elementor-widget__width-initial elementor-widget-tablet__width-inherit elementor-widget elementor-widget-heading\" data-id=\"38f8822\" data-element_type=\"widget\" data-e-type=\"widget\" data-widget_type=\"heading.default\">\n\t\t\t\t<div class=\"elementor-widget-container\">\n\t\t\t\t\t<h2 class=\"elementor-heading-title elementor-size-default\">Buscamos voluntarios para colaborar en diversas \u00e1reas: desde la organizaci\u00f3n de actividades adaptadas, hasta la impartici\u00f3n de talleres y cursos de sensibilizaci\u00f3n<\/h2>\t\t\t\t<\/div>\n\t\t\t\t<\/div>\n\t\t\t\t<div class=\"elementor-element elementor-element-63cbb84 elementor-widget__width-initial elementor-widget-tablet__width-inherit elementor-widget elementor-widget-text-editor\" data-id=\"63cbb84\" data-element_type=\"widget\" data-e-type=\"widget\" data-widget_type=\"text-editor.default\">\n\t\t\t\t<div class=\"elementor-widget-container\">\n\t\t\t\t\t\t\t\t\t<p>La inclusi\u00f3n integral en nuestras comunidades es clave para garantizar que todas las personas, independientemente de sus capacidades, puedan participar plenamente en la vida social y cultural. Para lograrlo, necesitamos el apoyo de voluntarios comprometidos que nos ayuden a impulsar estas iniciativas inclusivas.<\/p><p>\u00a0<\/p><p><span style=\"white-space-collapse: preserve;\">Tambi\u00e9n es fundamental el apoyo en el desarrollo de\u00a0herramientas de comunicaci\u00f3n, como la pictograf\u00eda en\u00a0espacios p\u00fablicos (ayuntamientos, centros de salud), y en el contacto con los ayuntamientos para promover la\u00a0implementaci\u00f3n de estas medidas.\u00a0<\/span><\/p>\t\t\t\t\t\t\t\t<\/div>\n\t\t\t\t<\/div>\n\t\t\t\t<\/div>\n\t\t\t\t<div class=\"elementor-element elementor-element-647f727 elementor-widget__width-inherit elementor-invisible elementor-widget elementor-widget-image\" data-id=\"647f727\" data-element_type=\"widget\" data-e-type=\"widget\" data-settings=\"{&quot;_animation&quot;:&quot;fadeInUp&quot;}\" data-widget_type=\"image.default\">\n\t\t\t\t<div class=\"elementor-widget-container\">\n\t\t\t\t\t\t\t\t\t\t\t\t\t\t\t<img fetchpriority=\"high\" decoding=\"async\" width=\"1900\" height=\"483\" src=\"https:\/\/concellosinclusivos.com\/wp-content\/uploads\/2024\/10\/voluntarios_bloque.jpg\" class=\"attachment-full size-full wp-image-2203\" alt=\"Voluntarios\" srcset=\"https:\/\/concellosinclusivos.com\/wp-content\/uploads\/2024\/10\/voluntarios_bloque.jpg 1900w, https:\/\/concellosinclusivos.com\/wp-content\/uploads\/2024\/10\/voluntarios_bloque-300x76.jpg 300w, https:\/\/concellosinclusivos.com\/wp-content\/uploads\/2024\/10\/voluntarios_bloque-1024x260.jpg 1024w, https:\/\/concellosinclusivos.com\/wp-content\/uploads\/2024\/10\/voluntarios_bloque-768x195.jpg 768w, https:\/\/concellosinclusivos.com\/wp-content\/uploads\/2024\/10\/voluntarios_bloque-1536x390.jpg 1536w\" sizes=\"(max-width: 1900px) 100vw, 1900px\" \/>\t\t\t\t\t\t\t\t\t\t\t\t\t\t\t<\/div>\n\t\t\t\t<\/div>\n\t\t\t\t<\/div>\n\t\t<div class=\"elementor-element elementor-element-0dc95d9 e-con-full e-flex e-con e-child\" data-id=\"0dc95d9\" data-element_type=\"container\" data-e-type=\"container\">\n\t\t\t\t<div class=\"elementor-element elementor-element-183992e elementor-widget elementor-widget-text-editor\" data-id=\"183992e\" data-element_type=\"widget\" data-e-type=\"widget\" data-widget_type=\"text-editor.default\">\n\t\t\t\t<div class=\"elementor-widget-container\">\n\t\t\t\t\t\t\t\t\t<p>Adem\u00e1s, necesitamos voluntarios que ayuden a crear y\u00a0distribuir materiales de concienciaci\u00f3n sobre neurodiversidad para fomentar una comunidad m\u00e1s emp\u00e1tica y respetuosa.<\/p><p>El tiempo que inviertas en estas acciones sociales tiene un\u00a0impacto muy positivo, no solo en quienes se benefician\u00a0directamente, sino tambi\u00e9n en ti como voluntario.\u00a0<\/p><p>Si tienes inter\u00e9s en la inclusi\u00f3n social y deseas marcar una diferencia, te invitamos a sumarte a nuestros programas de voluntariado.<\/p><p><span style=\"white-space-collapse: preserve;\">\u00a0<\/span><\/p><p><span style=\"white-space-collapse: preserve;\">\u00a1Juntos podemos construir comunidades m\u00e1s inclusivas y enriquecedoras para todos!<\/span><\/p>\t\t\t\t\t\t\t\t<\/div>\n\t\t\t\t<\/div>\n\t\t\t\t<\/div>\n\t\t\t\t<\/div>\n\t\t<div class=\"elementor-element elementor-element-bdfd871 e-con-full e-flex e-con e-parent\" data-id=\"bdfd871\" data-element_type=\"container\" data-e-type=\"container\">\n\t\t\t\t<div class=\"elementor-element elementor-element-0c26e28 elementor-widget elementor-widget-heading\" data-id=\"0c26e28\" data-element_type=\"widget\" data-e-type=\"widget\" data-widget_type=\"heading.default\">\n\t\t\t\t<div class=\"elementor-widget-container\">\n\t\t\t\t\t<h2 class=\"elementor-heading-title elementor-size-default\">Colorea la vida de los que m\u00e1s lo necesitan <br>\n<\/h2>\t\t\t\t<\/div>\n\t\t\t\t<\/div>\n\t\t\t\t<\/div>\n\t\t<div class=\"elementor-element elementor-element-d8c2e98 e-con-full e-flex e-con e-parent\" data-id=\"d8c2e98\" data-element_type=\"container\" data-e-type=\"container\">\n\t\t\t\t<div class=\"elementor-element elementor-element-27ff52f elementor-widget elementor-widget-heading\" data-id=\"27ff52f\" data-element_type=\"widget\" data-e-type=\"widget\" data-widget_type=\"heading.default\">\n\t\t\t\t<div class=\"elementor-widget-container\">\n\t\t\t\t\t<h2 class=\"elementor-heading-title elementor-size-default\"><a href=\"\/index.php\/contacto\">AP\u00daNTATE AQU\u00cd\n<\/a><\/h2>\t\t\t\t<\/div>\n\t\t\t\t<\/div>\n\t\t\t\t<\/div>\n\t\t\t\t<\/div>\n\t\t","protected":false},"excerpt":{"rendered":"<p>voluntarios Buscamos voluntarios para colaborar en diversas \u00e1reas: desde la organizaci\u00f3n de actividades adaptadas, hasta la impartici\u00f3n de talleres y cursos de sensibilizaci\u00f3n La inclusi\u00f3n integral en nuestras comunidades es clave para garantizar que todas las personas, independientemente de sus capacidades, puedan participar plenamente en la vida social y cultural. Para lograrlo, necesitamos el apoyo [&hellip;]<\/p>\n","protected":false},"author":2,"featured_media":0,"parent":0,"menu_order":0,"comment_status":"closed","ping_status":"closed","template":"","meta":{"footnotes":""},"class_list":["post-145","page","type-page","status-publish","hentry"],"yoast_head":"<!-- This site is optimized with the Yoast SEO plugin v23.8 - https:\/\/yoast.com\/wordpress\/plugins\/seo\/ -->\n<title>Voluntarios - Concellos Inclusivos<\/title>\n<meta name=\"robots\" content=\"index, follow, max-snippet:-1, max-image-preview:large, max-video-preview:-1\" \/>\n<link rel=\"canonical\" href=\"https:\/\/concellosinclusivos.com\/index.php\/voluntarios\/\" \/>\n<meta property=\"og:locale\" content=\"es_ES\" \/>\n<meta property=\"og:type\" content=\"article\" \/>\n<meta property=\"og:title\" content=\"Voluntarios - Concellos Inclusivos\" \/>\n<meta property=\"og:description\" content=\"voluntarios Buscamos voluntarios para colaborar en diversas \u00e1reas: desde la organizaci\u00f3n de actividades adaptadas, hasta la impartici\u00f3n de talleres y cursos de sensibilizaci\u00f3n La inclusi\u00f3n integral en nuestras comunidades es clave para garantizar que todas las personas, independientemente de sus capacidades, puedan participar plenamente en la vida social y cultural. Para lograrlo, necesitamos el apoyo [&hellip;]\" \/>\n<meta property=\"og:url\" content=\"https:\/\/concellosinclusivos.com\/index.php\/voluntarios\/\" \/>\n<meta property=\"og:site_name\" content=\"Concellos Inclusivos\" \/>\n<meta property=\"article:publisher\" content=\"https:\/\/www.facebook.com\/pictoaplicaciones\" \/>\n<meta property=\"article:modified_time\" content=\"2024-10-09T08:32:13+00:00\" \/>\n<meta property=\"og:image\" content=\"https:\/\/concellosinclusivos.com\/wp-content\/uploads\/2024\/10\/voluntarios_bloque.jpg\" \/>\n<meta name=\"twitter:card\" content=\"summary_large_image\" \/>\n<meta name=\"twitter:site\" content=\"@pictoaplicacion\" \/>\n<meta name=\"twitter:label1\" content=\"Tiempo de lectura\" \/>\n\t<meta name=\"twitter:data1\" content=\"1 minuto\" \/>\n<script type=\"application\/ld+json\" class=\"yoast-schema-graph\">{\"@context\":\"https:\/\/schema.org\",\"@graph\":[{\"@type\":\"WebPage\",\"@id\":\"https:\/\/concellosinclusivos.com\/index.php\/voluntarios\/\",\"url\":\"https:\/\/concellosinclusivos.com\/index.php\/voluntarios\/\",\"name\":\"Voluntarios - Concellos Inclusivos\",\"isPartOf\":{\"@id\":\"https:\/\/concellosinclusivos.com\/#website\"},\"primaryImageOfPage\":{\"@id\":\"https:\/\/concellosinclusivos.com\/index.php\/voluntarios\/#primaryimage\"},\"image\":{\"@id\":\"https:\/\/concellosinclusivos.com\/index.php\/voluntarios\/#primaryimage\"},\"thumbnailUrl\":\"https:\/\/concellosinclusivos.com\/wp-content\/uploads\/2024\/10\/voluntarios_bloque.jpg\",\"datePublished\":\"2024-09-24T11:05:46+00:00\",\"dateModified\":\"2024-10-09T08:32:13+00:00\",\"breadcrumb\":{\"@id\":\"https:\/\/concellosinclusivos.com\/index.php\/voluntarios\/#breadcrumb\"},\"inLanguage\":\"es\",\"potentialAction\":[{\"@type\":\"ReadAction\",\"target\":[\"https:\/\/concellosinclusivos.com\/index.php\/voluntarios\/\"]}]},{\"@type\":\"ImageObject\",\"inLanguage\":\"es\",\"@id\":\"https:\/\/concellosinclusivos.com\/index.php\/voluntarios\/#primaryimage\",\"url\":\"https:\/\/concellosinclusivos.com\/wp-content\/uploads\/2024\/10\/voluntarios_bloque.jpg\",\"contentUrl\":\"https:\/\/concellosinclusivos.com\/wp-content\/uploads\/2024\/10\/voluntarios_bloque.jpg\",\"width\":1900,\"height\":483,\"caption\":\"Voluntarios\"},{\"@type\":\"BreadcrumbList\",\"@id\":\"https:\/\/concellosinclusivos.com\/index.php\/voluntarios\/#breadcrumb\",\"itemListElement\":[{\"@type\":\"ListItem\",\"position\":1,\"name\":\"Portada\",\"item\":\"https:\/\/concellosinclusivos.com\/\"},{\"@type\":\"ListItem\",\"position\":2,\"name\":\"Voluntarios\"}]},{\"@type\":\"WebSite\",\"@id\":\"https:\/\/concellosinclusivos.com\/#website\",\"url\":\"https:\/\/concellosinclusivos.com\/\",\"name\":\"Concellos Inclusivos\",\"description\":\"\",\"publisher\":{\"@id\":\"https:\/\/concellosinclusivos.com\/#organization\"},\"potentialAction\":[{\"@type\":\"SearchAction\",\"target\":{\"@type\":\"EntryPoint\",\"urlTemplate\":\"https:\/\/concellosinclusivos.com\/?s={search_term_string}\"},\"query-input\":{\"@type\":\"PropertyValueSpecification\",\"valueRequired\":true,\"valueName\":\"search_term_string\"}}],\"inLanguage\":\"es\"},{\"@type\":\"Organization\",\"@id\":\"https:\/\/concellosinclusivos.com\/#organization\",\"name\":\"Fundaci\u00f3n Pictoaplicaciones\",\"url\":\"https:\/\/concellosinclusivos.com\/\",\"logo\":{\"@type\":\"ImageObject\",\"inLanguage\":\"es\",\"@id\":\"https:\/\/concellosinclusivos.com\/#\/schema\/logo\/image\/\",\"url\":\"https:\/\/concellosinclusivos.com\/wp-content\/uploads\/2024\/10\/logo1.png\",\"contentUrl\":\"https:\/\/concellosinclusivos.com\/wp-content\/uploads\/2024\/10\/logo1.png\",\"width\":1200,\"height\":1200,\"caption\":\"Fundaci\u00f3n Pictoaplicaciones\"},\"image\":{\"@id\":\"https:\/\/concellosinclusivos.com\/#\/schema\/logo\/image\/\"},\"sameAs\":[\"https:\/\/www.facebook.com\/pictoaplicaciones\",\"https:\/\/x.com\/pictoaplicacion\",\"https:\/\/www.instagram.com\/pictoaplicaciones\/\",\"https:\/\/www.youtube.com\/channel\/UCLk1pU0rWRq2KgMBRhGMhCA\",\"https:\/\/es.pinterest.com\/pictoaplicaciones\/\"]}]}<\/script>\n<!-- \/ Yoast SEO plugin. -->","yoast_head_json":{"title":"Voluntarios - Concellos Inclusivos","robots":{"index":"index","follow":"follow","max-snippet":"max-snippet:-1","max-image-preview":"max-image-preview:large","max-video-preview":"max-video-preview:-1"},"canonical":"https:\/\/concellosinclusivos.com\/index.php\/voluntarios\/","og_locale":"es_ES","og_type":"article","og_title":"Voluntarios - Concellos Inclusivos","og_description":"voluntarios Buscamos voluntarios para colaborar en diversas \u00e1reas: desde la organizaci\u00f3n de actividades adaptadas, hasta la impartici\u00f3n de talleres y cursos de sensibilizaci\u00f3n La inclusi\u00f3n integral en nuestras comunidades es clave para garantizar que todas las personas, independientemente de sus capacidades, puedan participar plenamente en la vida social y cultural. Para lograrlo, necesitamos el apoyo [&hellip;]","og_url":"https:\/\/concellosinclusivos.com\/index.php\/voluntarios\/","og_site_name":"Concellos Inclusivos","article_publisher":"https:\/\/www.facebook.com\/pictoaplicaciones","article_modified_time":"2024-10-09T08:32:13+00:00","og_image":[{"url":"https:\/\/concellosinclusivos.com\/wp-content\/uploads\/2024\/10\/voluntarios_bloque.jpg"}],"twitter_card":"summary_large_image","twitter_site":"@pictoaplicacion","twitter_misc":{"Tiempo de lectura":"1 minuto"},"schema":{"@context":"https:\/\/schema.org","@graph":[{"@type":"WebPage","@id":"https:\/\/concellosinclusivos.com\/index.php\/voluntarios\/","url":"https:\/\/concellosinclusivos.com\/index.php\/voluntarios\/","name":"Voluntarios - Concellos Inclusivos","isPartOf":{"@id":"https:\/\/concellosinclusivos.com\/#website"},"primaryImageOfPage":{"@id":"https:\/\/concellosinclusivos.com\/index.php\/voluntarios\/#primaryimage"},"image":{"@id":"https:\/\/concellosinclusivos.com\/index.php\/voluntarios\/#primaryimage"},"thumbnailUrl":"https:\/\/concellosinclusivos.com\/wp-content\/uploads\/2024\/10\/voluntarios_bloque.jpg","datePublished":"2024-09-24T11:05:46+00:00","dateModified":"2024-10-09T08:32:13+00:00","breadcrumb":{"@id":"https:\/\/concellosinclusivos.com\/index.php\/voluntarios\/#breadcrumb"},"inLanguage":"es","potentialAction":[{"@type":"ReadAction","target":["https:\/\/concellosinclusivos.com\/index.php\/voluntarios\/"]}]},{"@type":"ImageObject","inLanguage":"es","@id":"https:\/\/concellosinclusivos.com\/index.php\/voluntarios\/#primaryimage","url":"https:\/\/concellosinclusivos.com\/wp-content\/uploads\/2024\/10\/voluntarios_bloque.jpg","contentUrl":"https:\/\/concellosinclusivos.com\/wp-content\/uploads\/2024\/10\/voluntarios_bloque.jpg","width":1900,"height":483,"caption":"Voluntarios"},{"@type":"BreadcrumbList","@id":"https:\/\/concellosinclusivos.com\/index.php\/voluntarios\/#breadcrumb","itemListElement":[{"@type":"ListItem","position":1,"name":"Portada","item":"https:\/\/concellosinclusivos.com\/"},{"@type":"ListItem","position":2,"name":"Voluntarios"}]},{"@type":"WebSite","@id":"https:\/\/concellosinclusivos.com\/#website","url":"https:\/\/concellosinclusivos.com\/","name":"Concellos Inclusivos","description":"","publisher":{"@id":"https:\/\/concellosinclusivos.com\/#organization"},"potentialAction":[{"@type":"SearchAction","target":{"@type":"EntryPoint","urlTemplate":"https:\/\/concellosinclusivos.com\/?s={search_term_string}"},"query-input":{"@type":"PropertyValueSpecification","valueRequired":true,"valueName":"search_term_string"}}],"inLanguage":"es"},{"@type":"Organization","@id":"https:\/\/concellosinclusivos.com\/#organization","name":"Fundaci\u00f3n Pictoaplicaciones","url":"https:\/\/concellosinclusivos.com\/","logo":{"@type":"ImageObject","inLanguage":"es","@id":"https:\/\/concellosinclusivos.com\/#\/schema\/logo\/image\/","url":"https:\/\/concellosinclusivos.com\/wp-content\/uploads\/2024\/10\/logo1.png","contentUrl":"https:\/\/concellosinclusivos.com\/wp-content\/uploads\/2024\/10\/logo1.png","width":1200,"height":1200,"caption":"Fundaci\u00f3n Pictoaplicaciones"},"image":{"@id":"https:\/\/concellosinclusivos.com\/#\/schema\/logo\/image\/"},"sameAs":["https:\/\/www.facebook.com\/pictoaplicaciones","https:\/\/x.com\/pictoaplicacion","https:\/\/www.instagram.com\/pictoaplicaciones\/","https:\/\/www.youtube.com\/channel\/UCLk1pU0rWRq2KgMBRhGMhCA","https:\/\/es.pinterest.com\/pictoaplicaciones\/"]}]}},"_links":{"self":[{"href":"https:\/\/concellosinclusivos.com\/index.php\/wp-json\/wp\/v2\/pages\/145","targetHints":{"allow":["GET"]}}],"collection":[{"href":"https:\/\/concellosinclusivos.com\/index.php\/wp-json\/wp\/v2\/pages"}],"about":[{"href":"https:\/\/concellosinclusivos.com\/index.php\/wp-json\/wp\/v2\/types\/page"}],"author":[{"embeddable":true,"href":"https:\/\/concellosinclusivos.com\/index.php\/wp-json\/wp\/v2\/users\/2"}],"replies":[{"embeddable":true,"href":"https:\/\/concellosinclusivos.com\/index.php\/wp-json\/wp\/v2\/comments?post=145"}],"version-history":[{"count":106,"href":"https:\/\/concellosinclusivos.com\/index.php\/wp-json\/wp\/v2\/pages\/145\/revisions"}],"predecessor-version":[{"id":2212,"href":"https:\/\/concellosinclusivos.com\/index.php\/wp-json\/wp\/v2\/pages\/145\/revisions\/2212"}],"wp:attachment":[{"href":"https:\/\/concellosinclusivos.com\/index.php\/wp-json\/wp\/v2\/media?parent=145"}],"curies":[{"name":"wp","href":"https:\/\/api.w.org\/{rel}","templated":true}]}}